{"id":14,"date":"2025-09-27T09:41:58","date_gmt":"2025-09-27T07:41:58","guid":{"rendered":"http:\/\/pascalinemasciotra.fr\/?page_id=14"},"modified":"2025-09-30T22:00:40","modified_gmt":"2025-09-30T20:00:40","slug":"services","status":"publish","type":"page","link":"https:\/\/pascalinemasciotra.fr\/?page_id=14","title":{"rendered":"Services"},"content":{"rendered":"\n<section class=\"wp-block-group alignfull has-text-color has-background has-global-padding is-layout-constrained wp-container-core-group-is-layout-83ee5e76 wp-block-group-is-layout-constrained\" style=\"color:#212121;background-color:#f5f5f5;margin-top:0rem;padding-right:1rem;padding-left:1rem;font-size:clamp(0.875rem, 0.875rem + ((1vw - 0.2rem) * 0.464), 1.13rem);font-style:normal;font-weight:400;line-height:1.5\"><\/section>\n\n\n\n<div class=\"wp-block-group alignfull has-global-padding is-layout-constrained wp-container-core-group-is-layout-6c6e7e04 wp-block-group-is-layout-constrained\" style=\"margin-top:0;margin-bottom:0;padding-top:5.51rem;padding-right:2rem;padding-bottom:3rem;padding-left:2rem\">\n<div class=\"wp-block-group has-global-padding is-content-justification-left is-layout-constrained wp-container-core-group-is-layout-e6673fbd wp-block-group-is-layout-constrained\" style=\"margin-bottom:20px\">\n<h2 class=\"wp-block-heading has-text-color has-link-color has-hedvig-letters-serif-regular-font-family wp-elements-7855369c2e8cc91a850fb8ea8cc0b986\" style=\"color:#8a7457;font-size:clamp(1.477rem, 1.477rem + ((1vw - 0.2rem) * 1.769), 2.45rem);\">Mes services<\/h2>\n<\/div>\n\n\n\n<div class=\"wp-block-group alignwide has-global-padding is-layout-constrained wp-block-group-is-layout-constrained\" style=\"margin-top:1.01rem\">\n<div class=\"wp-block-columns alignwide is-layout-flex wp-container-core-columns-is-layout-c8164556 wp-block-columns-is-layout-flex\">\n<div class=\"wp-block-column has-global-padding is-content-justification-center is-layout-constrained wp-container-core-column-is-layout-412b4476 wp-block-column-is-layout-constrained\" style=\"padding-bottom:2rem\">\n<div class=\"wp-block-group alignfull has-global-padding is-layout-constrained wp-container-core-group-is-layout-d47d106a wp-block-group-is-layout-constrained\">\n<figure class=\"wp-block-image aligncenter size-full is-resized has-custom-border\"><a href=\"https:\/\/pascalinemasciotra.fr\/?page_id=16\"><img loading=\"lazy\" decoding=\"async\" width=\"1080\" height=\"1350\" src=\"https:\/\/pascalinemasciotra.fr\/wp-content\/uploads\/2025\/09\/individuel.jpg\" alt=\"\" class=\"wp-image-74\" style=\"border-radius:16px;width:400px\" srcset=\"https:\/\/pascalinemasciotra.fr\/wp-content\/uploads\/2025\/09\/individuel.jpg 1080w, https:\/\/pascalinemasciotra.fr\/wp-content\/uploads\/2025\/09\/individuel-240x300.jpg 240w, https:\/\/pascalinemasciotra.fr\/wp-content\/uploads\/2025\/09\/individuel-819x1024.jpg 819w, https:\/\/pascalinemasciotra.fr\/wp-content\/uploads\/2025\/09\/individuel-768x960.jpg 768w\" sizes=\"auto, (max-width: 1080px) 100vw, 1080px\" \/><\/a><\/figure>\n\n\n\n<h6 class=\"wp-block-heading has-text-align-center has-text-color has-hedvig-letters-serif-regular-font-family\" style=\"color:#242925;font-size:clamp(0.875rem, 0.875rem + ((1vw - 0.2rem) * 0.664), 1.24rem);line-height:1.4;text-decoration:none;text-transform:capitalize\">Accompagnement personnalis\u00e9 selon vos objectifs.<\/h6>\n<\/div>\n<\/div>\n\n\n\n<div class=\"wp-block-column has-global-padding is-layout-constrained wp-container-core-column-is-layout-a3af4fe5 wp-block-column-is-layout-constrained\" style=\"padding-bottom:2rem\">\n<div class=\"wp-block-group alignfull has-global-padding is-layout-constrained wp-container-core-group-is-layout-d47d106a wp-block-group-is-layout-constrained\">\n<figure class=\"wp-block-image aligncenter size-full is-resized has-custom-border\"><a href=\"https:\/\/pascalinemasciotra.fr\/?page_id=16\"><img loading=\"lazy\" decoding=\"async\" width=\"1080\" height=\"1350\" src=\"https:\/\/pascalinemasciotra.fr\/wp-content\/uploads\/2025\/09\/collectif.jpg\" alt=\"\" class=\"wp-image-75\" style=\"border-radius:16px;width:400px\" srcset=\"https:\/\/pascalinemasciotra.fr\/wp-content\/uploads\/2025\/09\/collectif.jpg 1080w, https:\/\/pascalinemasciotra.fr\/wp-content\/uploads\/2025\/09\/collectif-240x300.jpg 240w, https:\/\/pascalinemasciotra.fr\/wp-content\/uploads\/2025\/09\/collectif-819x1024.jpg 819w, https:\/\/pascalinemasciotra.fr\/wp-content\/uploads\/2025\/09\/collectif-768x960.jpg 768w\" sizes=\"auto, (max-width: 1080px) 100vw, 1080px\" \/><\/a><\/figure>\n\n\n\n<h6 class=\"wp-block-heading has-text-align-center has-text-color has-hedvig-letters-serif-regular-font-family\" style=\"color:#242925;font-size:clamp(0.875rem, 0.875rem + ((1vw - 0.2rem) * 0.664), 1.24rem);line-height:1.4;text-decoration:none;text-transform:capitalize\">Id\u00e9al pour \u00e9quipes sportives, groupes scolaires ou entreprises.<\/h6>\n<\/div>\n<\/div>\n\n\n\n<div class=\"wp-block-column has-global-padding is-content-justification-center is-layout-constrained wp-container-core-column-is-layout-412b4476 wp-block-column-is-layout-constrained\" style=\"padding-bottom:2rem\">\n<div class=\"wp-block-group alignfull has-global-padding is-layout-constrained wp-container-core-group-is-layout-d47d106a wp-block-group-is-layout-constrained\">\n<figure class=\"wp-block-image aligncenter size-full is-resized has-custom-border\"><a href=\"https:\/\/pascalinemasciotra.fr\/?page_id=16\"><img loading=\"lazy\" decoding=\"async\" width=\"1080\" height=\"1350\" src=\"https:\/\/pascalinemasciotra.fr\/wp-content\/uploads\/2025\/09\/programme-sur-mesure.jpg\" alt=\"\" class=\"wp-image-76\" style=\"border-radius:16px;width:400px\" srcset=\"https:\/\/pascalinemasciotra.fr\/wp-content\/uploads\/2025\/09\/programme-sur-mesure.jpg 1080w, https:\/\/pascalinemasciotra.fr\/wp-content\/uploads\/2025\/09\/programme-sur-mesure-240x300.jpg 240w, https:\/\/pascalinemasciotra.fr\/wp-content\/uploads\/2025\/09\/programme-sur-mesure-819x1024.jpg 819w, https:\/\/pascalinemasciotra.fr\/wp-content\/uploads\/2025\/09\/programme-sur-mesure-768x960.jpg 768w\" sizes=\"auto, (max-width: 1080px) 100vw, 1080px\" \/><\/a><\/figure>\n\n\n\n<h6 class=\"wp-block-heading has-text-align-center has-text-color has-hedvig-letters-serif-regular-font-family\" style=\"color:#242925;font-size:clamp(0.875rem, 0.875rem + ((1vw - 0.2rem) * 0.664), 1.24rem);line-height:1.4;text-decoration:none;text-transform:capitalize\">Suivi adapt\u00e9 \u00e0 vos besoins sp\u00e9cifiques (comp\u00e9tition, examens, prise de parole\u2026).<\/h6>\n<\/div>\n<\/div>\n<\/div>\n<\/div>\n<\/div>\n\n\n\n<section class=\"wp-block-group alignfull has-text-color has-global-padding is-layout-constrained wp-container-core-group-is-layout-83ee5e76 wp-block-group-is-layout-constrained\" style=\"color:#212121;margin-top:0rem;padding-right:1rem;padding-left:1rem;font-size:clamp(0.875rem, 0.875rem + ((1vw - 0.2rem) * 0.464), 1.13rem);font-style:normal;font-weight:400;line-height:1.5\">\n<div class=\"wp-block-group is-vertical is-content-justification-center is-layout-flex wp-container-core-group-is-layout-ce155fab wp-block-group-is-layout-flex\">\n<p class=\"has-large-font-size\"><strong>Public accompagn\u00e9<\/strong><\/p>\n\n\n\n<ul class=\"wp-block-list\">\n<li>Sportifs amateurs et professionnels<\/li>\n\n\n\n<li>\u00c9tudiants pr\u00e9parant des examens ou concours<\/li>\n\n\n\n<li>Personnes expos\u00e9es au regard du public<\/li>\n\n\n\n<li>Dirigeants et managers souhaitant am\u00e9liorer leur leadership et leur prise de d\u00e9cision<\/li>\n<\/ul>\n<\/div>\n<\/section>\n\n\n\n<div class=\"wp-block-buttons is-content-justification-center is-layout-flex wp-container-core-buttons-is-layout-a89b3969 wp-block-buttons-is-layout-flex\">\n<div class=\"wp-block-button\"><a class=\"wp-block-button__link has-background wp-element-button\" href=\"https:\/\/pascalinemasciotra.fr\/?page_id=16\" style=\"background-color:#8a7457\">Contactez-moi<\/a><\/div>\n<\/div>\n\n\n\n<p><\/p>\n","protected":false},"excerpt":{"rendered":"<p>Mes services Accompagnement personnalis\u00e9 selon vos objectifs. Id\u00e9al pour \u00e9quipes sportives, groupes scolaires ou entreprises. Suivi adapt\u00e9 \u00e0 vos besoins sp\u00e9cifiques (comp\u00e9tition, examens, prise de parole\u2026). Public accompagn\u00e9<\/p>\n","protected":false},"author":1,"featured_media":0,"parent":0,"menu_order":0,"comment_status":"closed","ping_status":"closed","template":"","meta":{"footnotes":""},"class_list":["post-14","page","type-page","status-publish","hentry"],"_links":{"self":[{"href":"https:\/\/pascalinemasciotra.fr\/index.php?rest_route=\/wp\/v2\/pages\/14","targetHints":{"allow":["GET"]}}],"collection":[{"href":"https:\/\/pascalinemasciotra.fr\/index.php?rest_route=\/wp\/v2\/pages"}],"about":[{"href":"https:\/\/pascalinemasciotra.fr\/index.php?rest_route=\/wp\/v2\/types\/page"}],"author":[{"embeddable":true,"href":"https:\/\/pascalinemasciotra.fr\/index.php?rest_route=\/wp\/v2\/users\/1"}],"replies":[{"embeddable":true,"href":"https:\/\/pascalinemasciotra.fr\/index.php?rest_route=%2Fwp%2Fv2%2Fcomments&post=14"}],"version-history":[{"count":6,"href":"https:\/\/pascalinemasciotra.fr\/index.php?rest_route=\/wp\/v2\/pages\/14\/revisions"}],"predecessor-version":[{"id":106,"href":"https:\/\/pascalinemasciotra.fr\/index.php?rest_route=\/wp\/v2\/pages\/14\/revisions\/106"}],"wp:attachment":[{"href":"https:\/\/pascalinemasciotra.fr\/index.php?rest_route=%2Fwp%2Fv2%2Fmedia&parent=14"}],"curies":[{"name":"wp","href":"https:\/\/api.w.org\/{rel}","templated":true}]}}