{"id":9,"date":"2025-09-27T09:41:12","date_gmt":"2025-09-27T07:41:12","guid":{"rendered":"http:\/\/pascalinemasciotra.fr\/?page_id=9"},"modified":"2025-09-30T21:38:13","modified_gmt":"2025-09-30T19:38:13","slug":"accueil","status":"publish","type":"page","link":"https:\/\/pascalinemasciotra.fr\/?page_id=9","title":{"rendered":"Accueil"},"content":{"rendered":"\n<div class=\"wp-block-group alignwide has-global-padding is-layout-constrained wp-container-core-group-is-layout-fc62357b wp-block-group-is-layout-constrained\" style=\"margin-top:0px;padding-top:0px;padding-right:0;padding-bottom:0px;padding-left:0\">\n<div class=\"wp-block-columns has-background is-layout-flex wp-container-core-columns-is-layout-015336f4 wp-block-columns-is-layout-flex\" style=\"background-color:#fde7e0;margin-top:0px;margin-bottom:0px;padding-top:70px;padding-right:70px;padding-bottom:70px;padding-left:70px\">\n<div class=\"wp-block-column is-layout-flow wp-block-column-is-layout-flow\">\n<figure class=\"wp-block-image aligncenter size-large is-style-default\"><img loading=\"lazy\" decoding=\"async\" width=\"1084\" height=\"1084\" src=\"https:\/\/pascalinemasciotra.fr\/wp-content\/uploads\/2025\/09\/pascarou-coucou-edited.png\" alt=\"\" class=\"wp-image-70\" style=\"object-fit:contain\" srcset=\"https:\/\/pascalinemasciotra.fr\/wp-content\/uploads\/2025\/09\/pascarou-coucou-edited.png 1084w, https:\/\/pascalinemasciotra.fr\/wp-content\/uploads\/2025\/09\/pascarou-coucou-edited-300x300.png 300w, https:\/\/pascalinemasciotra.fr\/wp-content\/uploads\/2025\/09\/pascarou-coucou-edited-1024x1024.png 1024w, https:\/\/pascalinemasciotra.fr\/wp-content\/uploads\/2025\/09\/pascarou-coucou-edited-150x150.png 150w, https:\/\/pascalinemasciotra.fr\/wp-content\/uploads\/2025\/09\/pascarou-coucou-edited-768x768.png 768w\" sizes=\"auto, (max-width: 1084px) 100vw, 1084px\" \/><\/figure>\n<\/div>\n\n\n\n<div class=\"wp-block-column is-vertically-aligned-center is-layout-flow wp-container-core-column-is-layout-3d072ba8 wp-block-column-is-layout-flow\">\n<h2 class=\"wp-block-heading has-text-color has-josefin-sans-font-family\" style=\"color:#8a7457;margin-top:0;margin-bottom:0;padding-top:0;padding-bottom:0;font-size:clamp(22.041px, 1.378rem + ((1vw - 3.2px) * 1.586), 36px);font-style:normal;font-weight:600;line-height:1.3\">Bienvenue,<\/h2>\n\n\n\n<p class=\"has-text-align-center has-text-color has-link-color wp-elements-1e2c96a3ea5887196760b2f46ea0bd23\" style=\"color:#000000;font-size:clamp(17.905px, 1.119rem + ((1vw - 3.2px) * 1.147), 28px);\">Vous \u00eates au bon endroit pour d\u00e9velopper vos ressources mentales et atteindre vos objectifs.<\/p>\n\n\n\n<p class=\"has-text-align-center has-text-color has-josefin-sans-font-family\" style=\"color:#000000;padding-top:0px;padding-right:0px;padding-bottom:50px;padding-left:0px;font-size:clamp(16.293px, 1.018rem + ((1vw - 3.2px) * 0.989), 25px);font-style:normal;font-weight:400\">La pr\u00e9paration mentale, c\u2019est apprendre \u00e0 mieux g\u00e9rer vos \u00e9motions, \u00e0 renforcer votre confiance, \u00e0 am\u00e9liorer votre concentration et \u00e0 lib\u00e9rer tout votre potentiel.<\/p>\n\n\n\n<div class=\"wp-block-buttons is-content-justification-center is-layout-flex wp-container-core-buttons-is-layout-84cf7f1f wp-block-buttons-is-layout-flex\" style=\"margin-top:0;margin-bottom:0\">\n<div class=\"wp-block-button is-style-fill\"><a class=\"wp-block-button__link has-text-color has-background has-josefin-sans-font-family has-custom-font-size wp-element-button\" href=\"https:\/\/pascalinemasciotra.fr\/?page_id=14\" style=\"border-radius:0px;color:#ffffff;background-color:#8a7457;padding-top:9px;padding-right:25px;padding-bottom:9px;padding-left:25px;font-size:clamp(14px, 0.875rem + ((1vw - 3.2px) * 0.455), 18px);\">Voir les services<\/a><\/div>\n<\/div>\n<\/div>\n<\/div>\n<\/div>\n\n\n\n<p>Que vous soyez sportif, \u00e9tudiant, dirigeant ou simplement en qu\u00eate d\u2019un meilleur \u00e9quilibre, je vous accompagne avec des outils concrets et adapt\u00e9s \u00e0 vos besoins.<\/p>\n\n\n\n<p>Ici, vous trouverez :<\/p>\n\n\n\n<ul class=\"wp-block-list\">\n<li>Des m\u00e9thodes pour booster vos performances et votre motivation.<\/li>\n\n\n\n<li>Des cl\u00e9s pour transformer le stress en \u00e9nergie positive.<\/li>\n\n\n\n<li>Un accompagnement personnalis\u00e9 pour progresser sereinement.<\/li>\n<\/ul>\n\n\n\n<h3 class=\"wp-block-heading has-text-align-center\">Lib\u00e9rez votre esprit, r\u00e9v\u00e9lez vos capacit\u00e9s.<\/h3>\n\n\n\n<p class=\"has-text-align-center\"><strong>Votre r\u00e9ussite commence maintenant.<\/strong><\/p>\n\n\n\n<p><\/p>\n\n\n\n<div class=\"wp-block-media-text has-media-on-the-right is-stacked-on-mobile has-background has-small-font-size\" style=\"background-color:#fde7e0;margin-right:var(--wp--preset--spacing--80);margin-left:var(--wp--preset--spacing--80);grid-template-columns:auto 41%\"><div class=\"wp-block-media-text__content\">\n<p><strong>Que travaille t-on gr\u00e2ce \u00e0 la pr\u00e9paration mentale ?<\/strong><\/p>\n\n\n\n<ul class=\"wp-block-list\">\n<li>\ud83c\udf1f <strong>Confiance<\/strong> : Renforcez votre estime de vous et votre assurance.<\/li>\n\n\n\n<li>\ud83c\udfaf <strong>Concentration<\/strong> : Restez focalis\u00e9(e) m\u00eame sous pression.<\/li>\n\n\n\n<li>\u26a1 <strong>Gestion du stress<\/strong> : Transformez vos \u00e9motions en \u00e9nergie positive.<\/li>\n\n\n\n<li>\ud83c\udfc6 <strong>Performance<\/strong> : Exploitez tout votre potentiel dans la dur\u00e9e.<\/li>\n<\/ul>\n<\/div><figure class=\"wp-block-media-text__media\"><img loading=\"lazy\" decoding=\"async\" width=\"1024\" height=\"1024\" src=\"https:\/\/pascalinemasciotra.fr\/wp-content\/uploads\/2025\/09\/pascarou-question-1-1024x1024.png\" alt=\"\" class=\"wp-image-98 size-full\" srcset=\"https:\/\/pascalinemasciotra.fr\/wp-content\/uploads\/2025\/09\/pascarou-question-1-1024x1024.png 1024w, https:\/\/pascalinemasciotra.fr\/wp-content\/uploads\/2025\/09\/pascarou-question-1-300x300.png 300w, https:\/\/pascalinemasciotra.fr\/wp-content\/uploads\/2025\/09\/pascarou-question-1-150x150.png 150w, https:\/\/pascalinemasciotra.fr\/wp-content\/uploads\/2025\/09\/pascarou-question-1-768x768.png 768w, https:\/\/pascalinemasciotra.fr\/wp-content\/uploads\/2025\/09\/pascarou-question-1-1536x1536.png 1536w, https:\/\/pascalinemasciotra.fr\/wp-content\/uploads\/2025\/09\/pascarou-question-1.png 2048w\" sizes=\"auto, (max-width: 1024px) 100vw, 1024px\" \/><\/figure><\/div>\n\n\n\n<p><\/p>\n","protected":false},"excerpt":{"rendered":"<p>Bienvenue, Vous \u00eates au bon endroit pour d\u00e9velopper vos ressources mentales et atteindre vos objectifs. La pr\u00e9paration mentale, c\u2019est apprendre \u00e0 mieux g\u00e9rer vos \u00e9motions, \u00e0 renforcer votre confiance, \u00e0 am\u00e9liorer votre concentration et \u00e0 lib\u00e9rer tout votre potentiel. Que vous soyez sportif, \u00e9tudiant, dirigeant ou simplement en qu\u00eate d\u2019un meilleur \u00e9quilibre, je vous accompagne [&hellip;]<\/p>\n","protected":false},"author":1,"featured_media":0,"parent":0,"menu_order":0,"comment_status":"closed","ping_status":"closed","template":"","meta":{"footnotes":""},"class_list":["post-9","page","type-page","status-publish","hentry"],"_links":{"self":[{"href":"https:\/\/pascalinemasciotra.fr\/index.php?rest_route=\/wp\/v2\/pages\/9","targetHints":{"allow":["GET"]}}],"collection":[{"href":"https:\/\/pascalinemasciotra.fr\/index.php?rest_route=\/wp\/v2\/pages"}],"about":[{"href":"https:\/\/pascalinemasciotra.fr\/index.php?rest_route=\/wp\/v2\/types\/page"}],"author":[{"embeddable":true,"href":"https:\/\/pascalinemasciotra.fr\/index.php?rest_route=\/wp\/v2\/users\/1"}],"replies":[{"embeddable":true,"href":"https:\/\/pascalinemasciotra.fr\/index.php?rest_route=%2Fwp%2Fv2%2Fcomments&post=9"}],"version-history":[{"count":10,"href":"https:\/\/pascalinemasciotra.fr\/index.php?rest_route=\/wp\/v2\/pages\/9\/revisions"}],"predecessor-version":[{"id":100,"href":"https:\/\/pascalinemasciotra.fr\/index.php?rest_route=\/wp\/v2\/pages\/9\/revisions\/100"}],"wp:attachment":[{"href":"https:\/\/pascalinemasciotra.fr\/index.php?rest_route=%2Fwp%2Fv2%2Fmedia&parent=9"}],"curies":[{"name":"wp","href":"https:\/\/api.w.org\/{rel}","templated":true}]}}